{"id":1311,"date":"2025-01-13T17:03:05","date_gmt":"2025-01-13T16:03:05","guid":{"rendered":"https:\/\/fundacioprimaverasound.org\/?page_id=1311"},"modified":"2025-01-14T16:40:16","modified_gmt":"2025-01-14T15:40:16","slug":"collaborate","status":"publish","type":"page","link":"https:\/\/fundacioprimaverasound.org\/en\/collaborate\/","title":{"rendered":"Get Involved"},"content":{"rendered":"<div class=\"wp-block-media-text alignfull has-media-on-the-right is-stacked-on-mobile is-vertically-aligned-center is-image-fill-element has-ast-global-color-5-color has-ast-global-color-0-background-color has-text-color has-background has-link-color wp-elements-ce105b45352aa6b33fc0f76830e1af6e\" style=\"padding-top:0;padding-bottom:0\"><div class=\"wp-block-media-text__content\">\n<div class=\"wp-block-group is-vertical is-layout-flex wp-container-core-group-is-layout-181e3417 wp-block-group-is-layout-flex\" style=\"margin-top:var(--wp--preset--spacing--40);margin-bottom:var(--wp--preset--spacing--40);padding-top:var(--wp--preset--spacing--80);padding-bottom:var(--wp--preset--spacing--80)\">\n<div class=\"wp-block-group is-layout-constrained wp-container-core-group-is-layout-5c53b157 wp-block-group-is-layout-constrained\" style=\"border-style:none;border-width:0px;margin-top:0;margin-bottom:0;padding-top:0;padding-right:0;padding-bottom:0;padding-left:0\">\n<p class=\"has-x-large-font-size\">Get Involved<\/p>\n\n\n\n<p>We collaborate with <strong>cultural organizations, artists, creatives, and activists<\/strong> from around the world to build a future where culture can foster <strong>sustainable development, promote gender balance, and contribute to social and territorial cohesion<\/strong>. Discover our programs, participate in our initiatives, and be part of the change. To achieve this, we adhere to a <strong>series of laws, controls, and indicators<\/strong>.<\/p>\n<\/div>\n<\/div>\n<\/div><figure class=\"wp-block-media-text__media\"><img loading=\"lazy\" decoding=\"async\" width=\"1024\" height=\"683\" src=\"https:\/\/wordpress-pc88gkckc4848w884s84s0gk.coolify.primavera-labs.com\/wp-content\/uploads\/2024\/10\/280223__MG_5123-1024x683.jpeg\" alt=\"\" class=\"wp-image-31 size-large\" style=\"object-position:58% 37%\" srcset=\"https:\/\/fundacioprimaverasound.org\/wp-content\/uploads\/2024\/10\/280223__MG_5123-1024x683.jpeg 1024w, https:\/\/fundacioprimaverasound.org\/wp-content\/uploads\/2024\/10\/280223__MG_5123-300x200.jpeg 300w, https:\/\/fundacioprimaverasound.org\/wp-content\/uploads\/2024\/10\/280223__MG_5123-768x512.jpeg 768w, https:\/\/fundacioprimaverasound.org\/wp-content\/uploads\/2024\/10\/280223__MG_5123-1536x1024.jpeg 1536w, https:\/\/fundacioprimaverasound.org\/wp-content\/uploads\/2024\/10\/280223__MG_5123-2048x1366.jpeg 2048w\" sizes=\"auto, (max-width: 1024px) 100vw, 1024px\" \/><\/figure><\/div>\n\n\n\n<div class=\"wp-block-group is-layout-constrained wp-block-group-is-layout-constrained\" style=\"padding-top:var(--wp--preset--spacing--60);padding-bottom:var(--wp--preset--spacing--60)\">\n<div class=\"wp-block-columns is-layout-flex wp-container-core-columns-is-layout-692c09d4 wp-block-columns-is-layout-flex\" style=\"padding-top:var(--wp--preset--spacing--70);padding-bottom:var(--wp--preset--spacing--70)\">\n<div class=\"wp-block-column is-vertically-aligned-top is-layout-flow wp-block-column-is-layout-flow\" style=\"padding-right:0;padding-left:0;flex-basis:50%\">\n<h1 class=\"wp-block-heading has-text-align-left has-ast-global-color-0-color has-text-color has-link-color wp-elements-a204d6e958406bdd557d8d689b24e7a8\" style=\"font-size:30px;line-height:1\">Collaborators<\/h1>\n<\/div>\n\n\n\n<div class=\"wp-block-column is-layout-flow wp-block-column-is-layout-flow\" style=\"flex-basis:50%\">\n<p class=\"has-ast-global-color-2-color has-text-color has-link-color wp-elements-c187577e58ac5c77b6094d1279b2f8dc\" style=\"font-size:16px;line-height:1.3\">The Primavera Sound Group is committed to supporting the Primavera Sound Foundation as part of its corporate social responsibility (CSR) program. Although the Foundation operates completely independently from the Group, both organizationally and operationally, the financial contribution and logistical support from the Primavera Sound Group are essential to ensuring the success of the Foundation&#8217;s activities.<\/p>\n\n\n\n<p class=\"has-link-color wp-elements-f5ebb78aae9c5e26e69037120badc597\" style=\"font-size:16px;line-height:1.3\">This support enables the Foundation to focus all mobilized resources directly on its social and cultural impact objectives. With a long tradition of collaboration and synergy, the Primavera Sound Group and the Foundation have created an innovative model of social commitment. Through the joint action of a non-profit entity and a leading company in the cultural and musical sector, a global impact is generated, amplifying opportunities for cultural growth, inclusion, and social innovation.<\/p>\n\n\n\n<p class=\"has-ast-global-color-2-color has-text-color has-link-color wp-elements-e6eda59d90265422dea4cd9a9db2ba80\" style=\"font-size:16px;line-height:1.3\">The Primavera Sound Group actively contributes to the Foundation&#8217;s mission by providing its networks, human resources, and infrastructure, thereby fostering the development of sustainable cultural projects and the international expansion of the Foundation&#8217;s activities.<\/p>\n<\/div>\n<\/div>\n\n\n\n<div class=\"wp-block-columns alignwide is-not-stacked-on-mobile is-layout-flex wp-container-core-columns-is-layout-e8d5e44e wp-block-columns-is-layout-flex block-visibility-hide-medium-screen block-visibility-hide-small-screen\" style=\"margin-top:0;margin-bottom:0;padding-top:0;padding-right:0;padding-bottom:0;padding-left:0;box-shadow:none\">\n<div class=\"wp-block-column is-vertically-aligned-top is-layout-flow wp-block-column-is-layout-flow\" style=\"flex-basis:50%\">\n<p class=\"has-ast-global-color-0-color has-text-color has-link-color wp-elements-681ba5b774922a2a007f8a896d72b255\"><strong>Education and Outreach<\/strong><\/p>\n\n\n\n<p style=\"font-size:16px;line-height:1.6\">Universitat Pompeu Fabra (UPF)<br>Universitat de Barcelona (UB)<br>Universitat Aut\u00f2noma de Barcelona (UAB)<br>Universitat Oberta de Catalunya (UOC)<br>Universitat Blanquerna<br>IMB International Music Business School<br>Escola Joso<br>Consorci d\u2019Educaci\u00f3<\/p>\n<\/div>\n\n\n\n<div class=\"wp-block-column is-vertically-aligned-top is-layout-flow wp-block-column-is-layout-flow\" style=\"flex-basis:50%\">\n<p class=\"has-ast-global-color-0-color has-text-color has-link-color wp-elements-405e4b4c3fdaf3567b83508fbad533df\"><strong><strong>Diversity and Gender Equality<\/strong><\/strong><\/p>\n\n\n\n<p style=\"font-size:16px;line-height:1.6\">GENERA (Associaci\u00f3 en defensa de les llibertats i els drets sexuals i de g\u00e8nere)<br>Cambra LGTBIQ+ Barcelona &nbsp;<br>Mujeres en la Industria de la M\u00fasica<\/p>\n<\/div>\n<\/div>\n\n\n\n<div class=\"wp-block-columns alignwide is-not-stacked-on-mobile is-layout-flex wp-container-core-columns-is-layout-e3427559 wp-block-columns-is-layout-flex block-visibility-hide-medium-screen block-visibility-hide-small-screen\" style=\"margin-top:0;margin-bottom:0;padding-top:var(--wp--preset--spacing--80);padding-right:0;padding-bottom:var(--wp--preset--spacing--80);padding-left:0;box-shadow:none\">\n<div class=\"wp-block-column is-vertically-aligned-top is-layout-flow wp-block-column-is-layout-flow\" style=\"flex-basis:50%\">\n<p class=\"has-ast-global-color-0-color has-text-color has-link-color wp-elements-9e2a8a1694ff09067458f57d0b1fcb84\"><strong><strong>Sustainability<\/strong><\/strong><\/p>\n\n\n\n<p style=\"font-size:16px;line-height:1.6\">A Greener Future<br>Ecoembes<br>Campa\u00f1a de Objetivos de Desarrollo Sostenible de las Naciones Unidas<br>Creative Migration<br>Creatives for Climate Action Thailand<br>Greenpeace<\/p>\n<\/div>\n\n\n\n<div class=\"wp-block-column is-vertically-aligned-top is-layout-flow wp-block-column-is-layout-flow\" style=\"flex-basis:50%\">\n<p class=\"has-ast-global-color-0-color has-text-color has-link-color wp-elements-d205464e5d71db7d8185ca749e31168c\"><strong><strong><strong>Other Social or Cultural Projects<\/strong><\/strong><\/strong><\/p>\n\n\n\n<p style=\"font-size:16px;line-height:1.6\">Open Arms<br>YOUROPE (European Festival Association)<br>Music For All<br>Banc d\u2019Aliments<br>D\u2019Ins<br>Fundaci\u00f3 ARED<br>Dinder Club<br>Fundaci\u00f3 La Loma Horse House<br>M\u00e9dicos Sin Fronteras<\/p>\n<\/div>\n<\/div>\n<\/div>\n\n\n\n<div class=\"wp-block-columns is-layout-flex wp-container-core-columns-is-layout-5a1cdc4b wp-block-columns-is-layout-flex\" style=\"margin-top:0;margin-bottom:var(--wp--preset--spacing--80);padding-top:0;padding-right:0;padding-bottom:0;padding-left:0\">\n<div class=\"wp-block-column is-vertically-aligned-top has-border-color has-ast-global-color-0-border-color is-content-justification-center is-layout-constrained wp-container-core-column-is-layout-0cf3008c wp-block-column-is-layout-constrained\" style=\"border-width:1px;border-radius:10px;padding-top:var(--wp--preset--spacing--50);padding-right:var(--wp--preset--spacing--70);padding-bottom:var(--wp--preset--spacing--50);padding-left:var(--wp--preset--spacing--70);flex-basis:50%\">\n<p class=\"has-text-align-left has-ast-global-color-0-color has-text-color has-link-color has-large-font-size wp-elements-aab237ed6f22716284d0b70419b3c3d8\">Contact<\/p>\n\n\n\n<div class=\"wp-block-contact-form-7-contact-form-selector\">\n<div class=\"wpcf7 no-js\" id=\"wpcf7-f1340-o1\" lang=\"es-ES\" dir=\"ltr\" data-wpcf7-id=\"1340\">\n<div class=\"screen-reader-response\"><p role=\"status\" aria-live=\"polite\" aria-atomic=\"true\"><\/p> <ul><\/ul><\/div>\n<form action=\"\/en\/wp-json\/wp\/v2\/pages\/1311#wpcf7-f1340-o1\" method=\"post\" class=\"wpcf7-form init\" aria-label=\"Formulario de contacto\" novalidate=\"novalidate\" data-status=\"init\" data-trp-original-action=\"\/en\/wp-json\/wp\/v2\/pages\/1311#wpcf7-f1340-o1\">\n<fieldset class=\"hidden-fields-container\"><input type=\"hidden\" name=\"_wpcf7\" value=\"1340\" \/><input type=\"hidden\" name=\"_wpcf7_version\" value=\"6.1\" \/><input type=\"hidden\" name=\"_wpcf7_locale\" value=\"es_ES\" \/><input type=\"hidden\" name=\"_wpcf7_unit_tag\" value=\"wpcf7-f1340-o1\" \/><input type=\"hidden\" name=\"_wpcf7_container_post\" value=\"0\" \/><input type=\"hidden\" name=\"_wpcf7_posted_data_hash\" value=\"\" \/>\n<\/fieldset>\n<p><label> Your Name<br \/>\n<span class=\"wpcf7-form-control-wrap\" data-name=\"your-name\"><input size=\"40\" maxlength=\"400\" class=\"wpcf7-form-control wpcf7-text wpcf7-validates-as-required\" autocomplete=\"name\" aria-required=\"true\" aria-invalid=\"false\" value=\"\" type=\"text\" name=\"your-name\" \/><\/span> <\/label>\n<\/p>\n<p><label> Your Email Adress<br \/>\n<span class=\"wpcf7-form-control-wrap\" data-name=\"your-email\"><input size=\"40\" maxlength=\"400\" class=\"wpcf7-form-control wpcf7-email wpcf7-validates-as-required wpcf7-text wpcf7-validates-as-email\" autocomplete=\"email\" aria-required=\"true\" aria-invalid=\"false\" value=\"\" type=\"email\" name=\"your-email\" \/><\/span> <\/label>\n<\/p>\n<p><label> Subject<br \/>\n<span class=\"wpcf7-form-control-wrap\" data-name=\"your-subject\"><input size=\"40\" maxlength=\"400\" class=\"wpcf7-form-control wpcf7-text wpcf7-validates-as-required\" aria-required=\"true\" aria-invalid=\"false\" value=\"\" type=\"text\" name=\"your-subject\" \/><\/span> <\/label>\n<\/p>\n<p><label> Your Message<br \/>\n<span class=\"wpcf7-form-control-wrap\" data-name=\"your-message\"><textarea cols=\"40\" rows=\"10\" maxlength=\"2000\" class=\"wpcf7-form-control wpcf7-textarea\" aria-invalid=\"false\" name=\"your-message\"><\/textarea><\/span> <\/label>\n<\/p>\n<p><input class=\"wpcf7-form-control wpcf7-submit has-spinner\" type=\"submit\" value=\"Send\" \/>\n<\/p><div class=\"wpcf7-response-output\" aria-hidden=\"true\"><\/div>\n<input type=\"hidden\" name=\"trp-form-language\" value=\"en\"\/><\/form>\n<\/div>\n<\/div>\n<\/div>\n\n\n\n<div class=\"wp-block-column is-vertically-aligned-top has-border-color has-ast-global-color-0-border-color is-content-justification-center is-layout-constrained wp-container-core-column-is-layout-0cf3008c wp-block-column-is-layout-constrained\" style=\"border-width:1px;border-radius:10px;padding-top:var(--wp--preset--spacing--50);padding-right:var(--wp--preset--spacing--70);padding-bottom:var(--wp--preset--spacing--50);padding-left:var(--wp--preset--spacing--70);flex-basis:50%\">\n<p class=\"has-text-align-left has-ast-global-color-0-color has-text-color has-link-color has-large-font-size wp-elements-df6b288bd8c912a429912f69dd6e0422\">Get Involved<\/p>\n\n\n\n<p style=\"font-size:16px;line-height:1.6\">Be part of our community and help drive music and culture forward.<\/p>\n\n\n\n<div class=\"wp-block-buttons is-content-justification-left is-layout-flex wp-container-core-buttons-is-layout-f236198a wp-block-buttons-is-layout-flex\">\n<div class=\"wp-block-button has-custom-font-size is-style-fill has-medium-font-size\"><a class=\"wp-block-button__link wp-element-button\" href=\"https:\/\/wordpress-pc88gkckc4848w884s84s0gk.coolify.primavera-labs.com\/quienes-somos\/\">Collaborate<\/a><\/div>\n<\/div>\n<\/div>\n<\/div>","protected":false},"excerpt":{"rendered":"<p>Collaborators The Primavera Sound Group is committed to supporting the Primavera Sound Foundation as part of its corporate social responsibility [&hellip;]<\/p>","protected":false},"author":1,"featured_media":0,"parent":0,"menu_order":0,"comment_status":"closed","ping_status":"closed","template":"","meta":{"site-sidebar-layout":"default","site-content-layout":"","ast-site-content-layout":"","site-content-style":"default","site-sidebar-style":"default","ast-global-header-display":"","ast-banner-title-visibility":"","ast-main-header-display":"","ast-hfb-above-header-display":"","ast-hfb-below-header-display":"","ast-hfb-mobile-header-display":"","site-post-title":"disabled","ast-breadcrumbs-content":"","ast-featured-img":"","footer-sml-layout":"","theme-transparent-header-meta":"","adv-header-id-meta":"","stick-header-meta":"","header-above-stick-meta":"","header-main-stick-meta":"","header-below-stick-meta":"","astra-migrate-meta-layouts":"default","ast-page-background-enabled":"default","ast-page-background-meta":{"desktop":{"background-color":"var(--ast-global-color-4)","background-image":"","background-repeat":"repeat","background-position":"center center","background-size":"auto","background-attachment":"scroll","background-type":"","background-media":"","overlay-type":"","overlay-color":"","overlay-opacity":"","overlay-gradient":""},"tablet":{"background-color":"","background-image":"","background-repeat":"repeat","background-position":"center center","background-size":"auto","background-attachment":"scroll","background-type":"","background-media":"","overlay-type":"","overlay-color":"","overlay-opacity":"","overlay-gradient":""},"mobile":{"background-color":"","background-image":"","background-repeat":"repeat","background-position":"center center","background-size":"auto","background-attachment":"scroll","background-type":"","background-media":"","overlay-type":"","overlay-color":"","overlay-opacity":"","overlay-gradient":""}},"ast-content-background-meta":{"desktop":{"background-color":"var(--ast-global-color-5)","background-image":"","background-repeat":"repeat","background-position":"center center","background-size":"auto","background-attachment":"scroll","background-type":"","background-media":"","overlay-type":"","overlay-color":"","overlay-opacity":"","overlay-gradient":""},"tablet":{"background-color":"var(--ast-global-color-5)","background-image":"","background-repeat":"repeat","background-position":"center center","background-size":"auto","background-attachment":"scroll","background-type":"","background-media":"","overlay-type":"","overlay-color":"","overlay-opacity":"","overlay-gradient":""},"mobile":{"background-color":"var(--ast-global-color-5)","background-image":"","background-repeat":"repeat","background-position":"center center","background-size":"auto","background-attachment":"scroll","background-type":"","background-media":"","overlay-type":"","overlay-color":"","overlay-opacity":"","overlay-gradient":""}},"footnotes":""},"class_list":["post-1311","page","type-page","status-publish","hentry"],"_links":{"self":[{"href":"https:\/\/fundacioprimaverasound.org\/en\/wp-json\/wp\/v2\/pages\/1311","targetHints":{"allow":["GET"]}}],"collection":[{"href":"https:\/\/fundacioprimaverasound.org\/en\/wp-json\/wp\/v2\/pages"}],"about":[{"href":"https:\/\/fundacioprimaverasound.org\/en\/wp-json\/wp\/v2\/types\/page"}],"author":[{"embeddable":true,"href":"https:\/\/fundacioprimaverasound.org\/en\/wp-json\/wp\/v2\/users\/1"}],"replies":[{"embeddable":true,"href":"https:\/\/fundacioprimaverasound.org\/en\/wp-json\/wp\/v2\/comments?post=1311"}],"version-history":[{"count":5,"href":"https:\/\/fundacioprimaverasound.org\/en\/wp-json\/wp\/v2\/pages\/1311\/revisions"}],"predecessor-version":[{"id":1342,"href":"https:\/\/fundacioprimaverasound.org\/en\/wp-json\/wp\/v2\/pages\/1311\/revisions\/1342"}],"wp:attachment":[{"href":"https:\/\/fundacioprimaverasound.org\/en\/wp-json\/wp\/v2\/media?parent=1311"}],"curies":[{"name":"wp","href":"https:\/\/api.w.org\/{rel}","templated":true}]}}