{"id":1287,"date":"2025-01-10T16:03:46","date_gmt":"2025-01-10T15:03:46","guid":{"rendered":"https:\/\/wordpress-pc88gkckc4848w884s84s0gk.coolify.primavera-labs.com\/?page_id=1287"},"modified":"2025-08-01T12:17:18","modified_gmt":"2025-08-01T10:17:18","slug":"initiatives","status":"publish","type":"page","link":"https:\/\/fundacioprimaverasound.org\/en\/initiatives\/","title":{"rendered":"Initiatives"},"content":{"rendered":"<div class=\"wp-block-media-text alignfull has-media-on-the-right is-stacked-on-mobile is-vertically-aligned-center is-image-fill-element has-ast-global-color-5-color has-ast-global-color-0-background-color has-text-color has-background has-link-color wp-elements-fc00db67476b732bd9311a2506a45b0b\" style=\"padding-top:0;padding-bottom:0\"><div class=\"wp-block-media-text__content\">\n<div class=\"wp-block-group is-vertical is-layout-flex wp-container-core-group-is-layout-181e3417 wp-block-group-is-layout-flex\" style=\"margin-top:var(--wp--preset--spacing--40);margin-bottom:var(--wp--preset--spacing--40);padding-top:var(--wp--preset--spacing--80);padding-bottom:var(--wp--preset--spacing--80)\">\n<div class=\"wp-block-group is-layout-constrained wp-container-core-group-is-layout-5c53b157 wp-block-group-is-layout-constrained\" style=\"border-style:none;border-width:0px;margin-top:0;margin-bottom:0;padding-top:0;padding-right:0;padding-bottom:0;padding-left:0\">\n<p class=\"has-x-large-font-size\">INITIATIVES<\/p>\n<\/div>\n\n\n\n<p style=\"font-size:16px\">Since its inception, the Primavera Sound Group has carried out a series of <strong>highly socially responsible <\/strong>actions aimed at promoting <strong>inclusion, innovation<\/strong> and <strong>sustainability<\/strong> through culture and music. Over the years, these efforts have been focused and channelled through the Primavera Sound Fundaci\u00f3, created to extend the impact of these initiatives globally, starting from local projects with the support of the <strong>networks, human resources <\/strong>and <strong>infrastructures <\/strong>of the Primavera Sound Group.<\/p>\n<\/div>\n<\/div><figure class=\"wp-block-media-text__media\"><img loading=\"lazy\" decoding=\"async\" width=\"1024\" height=\"683\" src=\"https:\/\/wordpress-pc88gkckc4848w884s84s0gk.coolify.primavera-labs.com\/wp-content\/uploads\/2024\/10\/280223__MG_5123-1024x683.jpeg\" alt=\"\" class=\"wp-image-31 size-large\" style=\"object-position:35% 5%\" srcset=\"https:\/\/fundacioprimaverasound.org\/wp-content\/uploads\/2024\/10\/280223__MG_5123-1024x683.jpeg 1024w, https:\/\/fundacioprimaverasound.org\/wp-content\/uploads\/2024\/10\/280223__MG_5123-300x200.jpeg 300w, https:\/\/fundacioprimaverasound.org\/wp-content\/uploads\/2024\/10\/280223__MG_5123-768x512.jpeg 768w, https:\/\/fundacioprimaverasound.org\/wp-content\/uploads\/2024\/10\/280223__MG_5123-1536x1024.jpeg 1536w, https:\/\/fundacioprimaverasound.org\/wp-content\/uploads\/2024\/10\/280223__MG_5123-2048x1366.jpeg 2048w\" sizes=\"auto, (max-width: 1024px) 100vw, 1024px\" \/><\/figure><\/div>\n\n\n\n<div class=\"wp-block-group is-layout-constrained wp-block-group-is-layout-constrained\" style=\"margin-top:0;margin-bottom:0;padding-top:0;padding-bottom:0\">\n<div class=\"wp-block-columns is-layout-flex wp-container-core-columns-is-layout-500acd44 wp-block-columns-is-layout-flex\" style=\"padding-top:var(--wp--preset--spacing--70);padding-right:0;padding-bottom:var(--wp--preset--spacing--70);padding-left:0\">\n<div class=\"wp-block-column is-vertically-aligned-top is-layout-flow wp-block-column-is-layout-flow\">\n<h1 class=\"wp-block-heading has-ast-global-color-0-color has-text-color has-link-color has-x-large-font-size wp-elements-09004abb0d306e35b4805972ba56b65a\" style=\"line-height:1\">Education and Outreach<\/h1>\n<\/div>\n\n\n\n<div class=\"wp-block-column is-layout-flow wp-block-column-is-layout-flow\">\n<p class=\"has-ast-global-color-2-color has-text-color has-link-color wp-elements-159248ca7869389dfeba96dc83af222f\" style=\"font-size:16px;line-height:1.3\">Since its inception, the <strong>Primavera Sound Fundaci\u00f3 <\/strong>has been committed to education as a tool for promoting the personal and professional growth of new generations, with special attention to creativity and musical art.<\/p>\n<\/div>\n<\/div>\n\n\n<ul style=\"font-size:16px;\" class=\"wp-block-latest-posts__list is-grid columns-3 wp-block-latest-posts\"><li><div class=\"wp-block-latest-posts__featured-image alignleft\"><a href=\"https:\/\/fundacioprimaverasound.org\/en\/beatschool-2\/\" aria-label=\"BeatSchool\"><img loading=\"lazy\" decoding=\"async\" width=\"1024\" height=\"683\" src=\"https:\/\/fundacioprimaverasound.org\/wp-content\/uploads\/2024\/12\/IMG_6747-scaled-e1734345629640-1024x683.jpg\" class=\"attachment-large size-large wp-post-image\" alt=\"\" style=\"\" srcset=\"https:\/\/fundacioprimaverasound.org\/wp-content\/uploads\/2024\/12\/IMG_6747-scaled-e1734345629640-1024x683.jpg 1024w, https:\/\/fundacioprimaverasound.org\/wp-content\/uploads\/2024\/12\/IMG_6747-scaled-e1734345629640-300x200.jpg 300w, https:\/\/fundacioprimaverasound.org\/wp-content\/uploads\/2024\/12\/IMG_6747-scaled-e1734345629640-768x512.jpg 768w, https:\/\/fundacioprimaverasound.org\/wp-content\/uploads\/2024\/12\/IMG_6747-scaled-e1734345629640-1536x1024.jpg 1536w, https:\/\/fundacioprimaverasound.org\/wp-content\/uploads\/2024\/12\/IMG_6747-scaled-e1734345629640-2048x1366.jpg 2048w\" sizes=\"auto, (max-width: 1024px) 100vw, 1024px\" \/><\/a><\/div><a class=\"wp-block-latest-posts__post-title\" href=\"https:\/\/fundacioprimaverasound.org\/en\/beatschool-2\/\">BeatSchool<\/a><div class=\"wp-block-latest-posts__post-excerpt\">BeatSchool: Fundaci\u00f3 Primavera Sound promotes a musical education project in Sant Adri\u00e0 de Bes\u00f2s<\/div><\/li>\n<li><div class=\"wp-block-latest-posts__featured-image alignleft\"><a href=\"https:\/\/fundacioprimaverasound.org\/en\/create-your-own-festival\/\" aria-label=\"Create Your Own Festival\"><img loading=\"lazy\" decoding=\"async\" width=\"1024\" height=\"683\" src=\"https:\/\/fundacioprimaverasound.org\/wp-content\/uploads\/2024\/12\/Crea-el-teu-festival-Christian-Bertrand-013-1024x683.jpg\" class=\"attachment-large size-large wp-post-image\" alt=\"\" style=\"\" srcset=\"https:\/\/fundacioprimaverasound.org\/wp-content\/uploads\/2024\/12\/Crea-el-teu-festival-Christian-Bertrand-013-1024x683.jpg 1024w, https:\/\/fundacioprimaverasound.org\/wp-content\/uploads\/2024\/12\/Crea-el-teu-festival-Christian-Bertrand-013-300x200.jpg 300w, https:\/\/fundacioprimaverasound.org\/wp-content\/uploads\/2024\/12\/Crea-el-teu-festival-Christian-Bertrand-013-768x512.jpg 768w, https:\/\/fundacioprimaverasound.org\/wp-content\/uploads\/2024\/12\/Crea-el-teu-festival-Christian-Bertrand-013-1536x1024.jpg 1536w, https:\/\/fundacioprimaverasound.org\/wp-content\/uploads\/2024\/12\/Crea-el-teu-festival-Christian-Bertrand-013-2048x1365.jpg 2048w\" sizes=\"auto, (max-width: 1024px) 100vw, 1024px\" \/><\/a><\/div><a class=\"wp-block-latest-posts__post-title\" href=\"https:\/\/fundacioprimaverasound.org\/en\/create-your-own-festival\/\">Create Your Own Festival<\/a><div class=\"wp-block-latest-posts__post-excerpt\">Course aimed at secondary school students in Barcelona, where they learn how to organise a music festival, developing practical and organisational skills in the live music industry.<\/div><\/li>\n<li><div class=\"wp-block-latest-posts__featured-image alignleft\"><a href=\"https:\/\/fundacioprimaverasound.org\/en\/primaveres-experiencies\/\" aria-label=\"Primaveres Experi\u00e8ncies\"><img loading=\"lazy\" decoding=\"async\" width=\"1024\" height=\"683\" src=\"https:\/\/fundacioprimaverasound.org\/wp-content\/uploads\/2024\/10\/210323__MG_6047-1024x683.jpeg\" class=\"attachment-large size-large wp-post-image\" alt=\"\" style=\"\" srcset=\"https:\/\/fundacioprimaverasound.org\/wp-content\/uploads\/2024\/10\/210323__MG_6047-1024x683.jpeg 1024w, https:\/\/fundacioprimaverasound.org\/wp-content\/uploads\/2024\/10\/210323__MG_6047-300x200.jpeg 300w, https:\/\/fundacioprimaverasound.org\/wp-content\/uploads\/2024\/10\/210323__MG_6047-768x512.jpeg 768w, https:\/\/fundacioprimaverasound.org\/wp-content\/uploads\/2024\/10\/210323__MG_6047-1536x1024.jpeg 1536w, https:\/\/fundacioprimaverasound.org\/wp-content\/uploads\/2024\/10\/210323__MG_6047-2048x1365.jpeg 2048w\" sizes=\"auto, (max-width: 1024px) 100vw, 1024px\" \/><\/a><\/div><a class=\"wp-block-latest-posts__post-title\" href=\"https:\/\/fundacioprimaverasound.org\/en\/primaveres-experiencies\/\">Primaveres Experi\u00e8ncies<\/a><div class=\"wp-block-latest-posts__post-excerpt\">A free cycle for 1st and 2nd year secondary school students at La (2) de Apolo in Barcelona and the MEDUSA recording studios, which brings together young people with different professionals from the world of music who will share with them the songs that have marked their careers.<\/div><\/li>\n<\/ul><\/div>\n\n\n\n<hr class=\"wp-block-separator alignfull has-text-color has-ast-global-color-1-color has-alpha-channel-opacity has-ast-global-color-1-background-color has-background is-style-wide\" style=\"margin-top:var(--wp--preset--spacing--40);margin-bottom:var(--wp--preset--spacing--40)\"\/>\n\n\n\n<div class=\"wp-block-group is-layout-constrained wp-container-core-group-is-layout-c160b77e wp-block-group-is-layout-constrained\" style=\"margin-top:0;margin-bottom:0;padding-top:0;padding-bottom:0\">\n<div class=\"wp-block-columns is-layout-flex wp-container-core-columns-is-layout-500acd44 wp-block-columns-is-layout-flex\" style=\"padding-top:var(--wp--preset--spacing--70);padding-right:0;padding-bottom:var(--wp--preset--spacing--70);padding-left:0\">\n<div class=\"wp-block-column is-vertically-aligned-top is-layout-flow wp-block-column-is-layout-flow\">\n<h1 class=\"wp-block-heading has-ast-global-color-0-color has-text-color has-link-color has-x-large-font-size wp-elements-7099d678ae5ef31ed0c5d7f3dae91588\" style=\"line-height:1\">Promotion of small and medium-sized CCIs with a special focus on the music industry<\/h1>\n<\/div>\n\n\n\n<div class=\"wp-block-column is-layout-flow wp-block-column-is-layout-flow\">\n<p class=\"has-ast-global-color-2-color has-text-color has-link-color wp-elements-f9bceccf52ec40fd759264a456ca871a\" style=\"font-size:16px;line-height:1.3\">The Fundaci\u00f3 Primavera Sound supports the development of the <strong>Cultural and Creative Industries (CCI)<\/strong>, with a special focus on small and medium-sized music companies. The aim is to promote innovation and sustainability, helping these companies to grow and prosper.<\/p>\n<\/div>\n<\/div>\n\n\n<ul style=\"font-size:16px;\" class=\"wp-block-latest-posts__list is-grid columns-3 wp-block-latest-posts\"><li><div class=\"wp-block-latest-posts__featured-image alignleft\"><a href=\"https:\/\/fundacioprimaverasound.org\/en\/primavera-pro-2\/\" aria-label=\"Primavera Pro\"><img loading=\"lazy\" decoding=\"async\" width=\"1024\" height=\"683\" src=\"https:\/\/fundacioprimaverasound.org\/wp-content\/uploads\/2024\/10\/DSC07123_@sharonlopez-1024x683.jpeg\" class=\"attachment-large size-large wp-post-image\" alt=\"\" style=\"\" srcset=\"https:\/\/fundacioprimaverasound.org\/wp-content\/uploads\/2024\/10\/DSC07123_@sharonlopez-1024x683.jpeg 1024w, https:\/\/fundacioprimaverasound.org\/wp-content\/uploads\/2024\/10\/DSC07123_@sharonlopez-300x200.jpeg 300w, https:\/\/fundacioprimaverasound.org\/wp-content\/uploads\/2024\/10\/DSC07123_@sharonlopez-768x512.jpeg 768w, https:\/\/fundacioprimaverasound.org\/wp-content\/uploads\/2024\/10\/DSC07123_@sharonlopez-1536x1024.jpeg 1536w, https:\/\/fundacioprimaverasound.org\/wp-content\/uploads\/2024\/10\/DSC07123_@sharonlopez-2048x1365.jpeg 2048w\" sizes=\"auto, (max-width: 1024px) 100vw, 1024px\" \/><\/a><\/div><a class=\"wp-block-latest-posts__post-title\" href=\"https:\/\/fundacioprimaverasound.org\/en\/primavera-pro-2\/\">Primavera Pro<\/a><div class=\"wp-block-latest-posts__post-excerpt\">The Fundaci\u00f3 has collaborated, within the Primavera Sound Group, in the organisation of Primavera Pro. As well as being a platform for dissemination and reflection, Primavera Pro offers a unique opportunity for networking and collaboration for small and medium-sized cultural and music companies, favouring the internationalisation of artists and companies.<\/div><\/li>\n<\/ul><\/div>\n\n\n\n<hr class=\"wp-block-separator alignfull has-text-color has-ast-global-color-1-color has-alpha-channel-opacity has-ast-global-color-1-background-color has-background is-style-wide\" style=\"margin-top:var(--wp--preset--spacing--40);margin-bottom:var(--wp--preset--spacing--40)\"\/>\n\n\n\n<div class=\"wp-block-group is-layout-constrained wp-container-core-group-is-layout-c160b77e wp-block-group-is-layout-constrained\" style=\"margin-top:0;margin-bottom:0;padding-top:0;padding-bottom:0\">\n<div class=\"wp-block-columns is-layout-flex wp-container-core-columns-is-layout-500acd44 wp-block-columns-is-layout-flex\" style=\"padding-top:var(--wp--preset--spacing--70);padding-right:0;padding-bottom:var(--wp--preset--spacing--70);padding-left:0\">\n<div class=\"wp-block-column is-vertically-aligned-top is-layout-flow wp-block-column-is-layout-flow\">\n<h1 class=\"wp-block-heading has-ast-global-color-0-color has-text-color has-link-color has-x-large-font-size wp-elements-0757335c326b554451472c58afbc2650\" style=\"line-height:1\">Diversity and gender equality for and from culture<\/h1>\n<\/div>\n\n\n\n<div class=\"wp-block-column is-layout-flow wp-block-column-is-layout-flow\">\n<p class=\"has-ast-global-color-2-color has-text-color has-link-color wp-elements-5166192a53d3861689eeee52f2d01a58\" style=\"font-size:16px;line-height:1.3\">One of the Fundaci\u00f3&#8217;s pillars is the promotion of <strong>gender equality <\/strong>in culture and the music industry. Through projects that promote <strong>diversity and inclusion<\/strong>, the Fundaci\u00f3 has distinguished itself as a leader in the implementation of gender equality policies at major cultural events.<\/p>\n<\/div>\n<\/div>\n\n\n<ul style=\"font-size:16px;\" class=\"wp-block-latest-posts__list is-grid columns-3 wp-block-latest-posts\"><li><div class=\"wp-block-latest-posts__featured-image alignleft\"><a href=\"https:\/\/fundacioprimaverasound.org\/en\/nobody-is-normal-eng\/\" aria-label=\"Nobody Is Normal\"><img loading=\"lazy\" decoding=\"async\" width=\"1024\" height=\"684\" src=\"https:\/\/fundacioprimaverasound.org\/wp-content\/uploads\/2024\/12\/Atmosphere01_NobodyisNormal_ChristianBertrand-1024x684.jpg\" class=\"attachment-large size-large wp-post-image\" alt=\"\" style=\"\" srcset=\"https:\/\/fundacioprimaverasound.org\/wp-content\/uploads\/2024\/12\/Atmosphere01_NobodyisNormal_ChristianBertrand-1024x684.jpg 1024w, https:\/\/fundacioprimaverasound.org\/wp-content\/uploads\/2024\/12\/Atmosphere01_NobodyisNormal_ChristianBertrand-300x200.jpg 300w, https:\/\/fundacioprimaverasound.org\/wp-content\/uploads\/2024\/12\/Atmosphere01_NobodyisNormal_ChristianBertrand-768x513.jpg 768w, https:\/\/fundacioprimaverasound.org\/wp-content\/uploads\/2024\/12\/Atmosphere01_NobodyisNormal_ChristianBertrand-1536x1025.jpg 1536w, https:\/\/fundacioprimaverasound.org\/wp-content\/uploads\/2024\/12\/Atmosphere01_NobodyisNormal_ChristianBertrand.jpg 2000w\" sizes=\"auto, (max-width: 1024px) 100vw, 1024px\" \/><\/a><\/div><a class=\"wp-block-latest-posts__post-title\" href=\"https:\/\/fundacioprimaverasound.org\/en\/nobody-is-normal-eng\/\">Nobody Is Normal<\/a><div class=\"wp-block-latest-posts__post-excerpt\">Primavera Sound Barcelona&#8217;s protocol for a festival free of sexual aggression and discrimination.<\/div><\/li>\n<li><div class=\"wp-block-latest-posts__featured-image alignleft\"><a href=\"https:\/\/fundacioprimaverasound.org\/en\/the-new-normal-eng\/\" aria-label=\"The New Normal\"><img loading=\"lazy\" decoding=\"async\" width=\"1024\" height=\"683\" src=\"https:\/\/fundacioprimaverasound.org\/wp-content\/uploads\/2024\/12\/AtmospherePrimavera03_DaniCanto-1024x683.jpg\" class=\"attachment-large size-large wp-post-image\" alt=\"\" style=\"\" srcset=\"https:\/\/fundacioprimaverasound.org\/wp-content\/uploads\/2024\/12\/AtmospherePrimavera03_DaniCanto-1024x683.jpg 1024w, https:\/\/fundacioprimaverasound.org\/wp-content\/uploads\/2024\/12\/AtmospherePrimavera03_DaniCanto-300x200.jpg 300w, https:\/\/fundacioprimaverasound.org\/wp-content\/uploads\/2024\/12\/AtmospherePrimavera03_DaniCanto-768x512.jpg 768w, https:\/\/fundacioprimaverasound.org\/wp-content\/uploads\/2024\/12\/AtmospherePrimavera03_DaniCanto-1536x1024.jpg 1536w, https:\/\/fundacioprimaverasound.org\/wp-content\/uploads\/2024\/12\/AtmospherePrimavera03_DaniCanto-2048x1365.jpg 2048w\" sizes=\"auto, (max-width: 1024px) 100vw, 1024px\" \/><\/a><\/div><a class=\"wp-block-latest-posts__post-title\" href=\"https:\/\/fundacioprimaverasound.org\/en\/the-new-normal-eng\/\">The New Normal<\/a><div class=\"wp-block-latest-posts__post-excerpt\">In 2019, Primavera Sound became the first major international festival to achieve a gender-balanced line-up. \u00abThe New Normal\u00bb was the name of the campaign that presented the project, making the festival a benchmark and an inspiration within the global industry.<\/div><\/li>\n<\/ul><\/div>\n\n\n\n<hr class=\"wp-block-separator alignfull has-text-color has-ast-global-color-1-color has-alpha-channel-opacity has-ast-global-color-1-background-color has-background is-style-wide\" style=\"margin-top:var(--wp--preset--spacing--40);margin-bottom:var(--wp--preset--spacing--40)\"\/>\n\n\n\n<div class=\"wp-block-group is-layout-constrained wp-container-core-group-is-layout-c160b77e wp-block-group-is-layout-constrained\" style=\"margin-top:0;margin-bottom:0;padding-top:0;padding-bottom:0\">\n<div class=\"wp-block-columns is-layout-flex wp-container-core-columns-is-layout-500acd44 wp-block-columns-is-layout-flex\" style=\"padding-top:var(--wp--preset--spacing--70);padding-right:0;padding-bottom:var(--wp--preset--spacing--70);padding-left:0\">\n<div class=\"wp-block-column is-vertically-aligned-top is-layout-flow wp-block-column-is-layout-flow\">\n<h1 class=\"wp-block-heading has-ast-global-color-0-color has-text-color has-link-color has-x-large-font-size wp-elements-002a0df4259e1fce9ceedc572a6bdd5f\" style=\"line-height:1\">Sustainability and Global Impact<\/h1>\n<\/div>\n\n\n\n<div class=\"wp-block-column is-layout-flow wp-block-column-is-layout-flow\">\n<p class=\"has-ast-global-color-2-color has-text-color has-link-color wp-elements-54dfad98611fef198ee2595751d49224\" style=\"font-size:16px;line-height:1.3\"><strong>The Fundaci\u00f3 Primavera Sound <\/strong>has its sights set on the future to bring it closer to the present, everything surrounding the music at the festival has the responsibility to help guarantee that future. Aware of the consequences of a great cultural event that attracts attendees from all over the world, but also of its inspirational capital and the media attention it enjoys, with the vision of the Fundaci\u00f3 Primavera Sound the festival <strong>continues to take steps to be an event that is more aware of its surroundings every day<\/strong>.<\/p>\n<\/div>\n<\/div>\n\n\n<ul style=\"font-size:16px;\" class=\"wp-block-latest-posts__list is-grid columns-3 wp-block-latest-posts\"><li><div class=\"wp-block-latest-posts__featured-image alignleft\"><a href=\"https:\/\/fundacioprimaverasound.org\/en\/a-greener-primavera-sound\/\" aria-label=\"A greener Primavera Sound\"><img loading=\"lazy\" decoding=\"async\" width=\"1024\" height=\"683\" src=\"https:\/\/fundacioprimaverasound.org\/wp-content\/uploads\/2024\/12\/AtmospherePSBCN-1-1024x683.jpeg\" class=\"attachment-large size-large wp-post-image\" alt=\"\" style=\"\" srcset=\"https:\/\/fundacioprimaverasound.org\/wp-content\/uploads\/2024\/12\/AtmospherePSBCN-1-1024x683.jpeg 1024w, https:\/\/fundacioprimaverasound.org\/wp-content\/uploads\/2024\/12\/AtmospherePSBCN-1-300x200.jpeg 300w, https:\/\/fundacioprimaverasound.org\/wp-content\/uploads\/2024\/12\/AtmospherePSBCN-1-768x512.jpeg 768w, https:\/\/fundacioprimaverasound.org\/wp-content\/uploads\/2024\/12\/AtmospherePSBCN-1-1536x1024.jpeg 1536w, https:\/\/fundacioprimaverasound.org\/wp-content\/uploads\/2024\/12\/AtmospherePSBCN-1.jpeg 1920w\" sizes=\"auto, (max-width: 1024px) 100vw, 1024px\" \/><\/a><\/div><a class=\"wp-block-latest-posts__post-title\" href=\"https:\/\/fundacioprimaverasound.org\/en\/a-greener-primavera-sound\/\">A greener Primavera Sound<\/a><div class=\"wp-block-latest-posts__post-excerpt\">A greener Primavera Sound, a better Primavera Sound: measures for a more sustainable festival.<\/div><\/li>\n<\/ul><\/div>\n\n\n\n<hr class=\"wp-block-separator alignfull has-text-color has-ast-global-color-5-color has-alpha-channel-opacity has-ast-global-color-5-background-color has-background is-style-wide\" style=\"margin-top:var(--wp--preset--spacing--50);margin-bottom:var(--wp--preset--spacing--50)\"\/>","protected":false},"excerpt":{"rendered":"<p>Education and Outreach Since its inception, the Primavera Sound Fundaci\u00f3 has been committed to education as a tool for promoting [&hellip;]<\/p>","protected":false},"author":1,"featured_media":0,"parent":0,"menu_order":0,"comment_status":"closed","ping_status":"closed","template":"","meta":{"site-sidebar-layout":"default","site-content-layout":"","ast-site-content-layout":"","site-content-style":"default","site-sidebar-style":"default","ast-global-header-display":"","ast-banner-title-visibility":"","ast-main-header-display":"","ast-hfb-above-header-display":"","ast-hfb-below-header-display":"","ast-hfb-mobile-header-display":"","site-post-title":"disabled","ast-breadcrumbs-content":"","ast-featured-img":"","footer-sml-layout":"","theme-transparent-header-meta":"","adv-header-id-meta":"","stick-header-meta":"","header-above-stick-meta":"","header-main-stick-meta":"","header-below-stick-meta":"","astra-migrate-meta-layouts":"default","ast-page-background-enabled":"default","ast-page-background-meta":{"desktop":{"background-color":"var(--ast-global-color-4)","background-image":"","background-repeat":"repeat","background-position":"center center","background-size":"auto","background-attachment":"scroll","background-type":"","background-media":"","overlay-type":"","overlay-color":"","overlay-opacity":"","overlay-gradient":""},"tablet":{"background-color":"","background-image":"","background-repeat":"repeat","background-position":"center center","background-size":"auto","background-attachment":"scroll","background-type":"","background-media":"","overlay-type":"","overlay-color":"","overlay-opacity":"","overlay-gradient":""},"mobile":{"background-color":"","background-image":"","background-repeat":"repeat","background-position":"center center","background-size":"auto","background-attachment":"scroll","background-type":"","background-media":"","overlay-type":"","overlay-color":"","overlay-opacity":"","overlay-gradient":""}},"ast-content-background-meta":{"desktop":{"background-color":"var(--ast-global-color-5)","background-image":"","background-repeat":"repeat","background-position":"center center","background-size":"auto","background-attachment":"scroll","background-type":"","background-media":"","overlay-type":"","overlay-color":"","overlay-opacity":"","overlay-gradient":""},"tablet":{"background-color":"var(--ast-global-color-5)","background-image":"","background-repeat":"repeat","background-position":"center center","background-size":"auto","background-attachment":"scroll","background-type":"","background-media":"","overlay-type":"","overlay-color":"","overlay-opacity":"","overlay-gradient":""},"mobile":{"background-color":"var(--ast-global-color-5)","background-image":"","background-repeat":"repeat","background-position":"center center","background-size":"auto","background-attachment":"scroll","background-type":"","background-media":"","overlay-type":"","overlay-color":"","overlay-opacity":"","overlay-gradient":""}},"footnotes":""},"class_list":["post-1287","page","type-page","status-publish","hentry"],"_links":{"self":[{"href":"https:\/\/fundacioprimaverasound.org\/en\/wp-json\/wp\/v2\/pages\/1287","targetHints":{"allow":["GET"]}}],"collection":[{"href":"https:\/\/fundacioprimaverasound.org\/en\/wp-json\/wp\/v2\/pages"}],"about":[{"href":"https:\/\/fundacioprimaverasound.org\/en\/wp-json\/wp\/v2\/types\/page"}],"author":[{"embeddable":true,"href":"https:\/\/fundacioprimaverasound.org\/en\/wp-json\/wp\/v2\/users\/1"}],"replies":[{"embeddable":true,"href":"https:\/\/fundacioprimaverasound.org\/en\/wp-json\/wp\/v2\/comments?post=1287"}],"version-history":[{"count":6,"href":"https:\/\/fundacioprimaverasound.org\/en\/wp-json\/wp\/v2\/pages\/1287\/revisions"}],"predecessor-version":[{"id":1432,"href":"https:\/\/fundacioprimaverasound.org\/en\/wp-json\/wp\/v2\/pages\/1287\/revisions\/1432"}],"wp:attachment":[{"href":"https:\/\/fundacioprimaverasound.org\/en\/wp-json\/wp\/v2\/media?parent=1287"}],"curies":[{"name":"wp","href":"https:\/\/api.w.org\/{rel}","templated":true}]}}